{"id":2118,"date":"2022-10-16T11:45:42","date_gmt":"2022-10-16T11:45:42","guid":{"rendered":"https:\/\/manufaktursolutions.qodeinteractive.com\/?page_id=2118"},"modified":"2024-11-20T19:11:16","modified_gmt":"2024-11-20T19:11:16","slug":"about-us","status":"publish","type":"page","link":"https:\/\/abrakabakra.com\/bs\/about-us\/","title":{"rendered":"O nama"},"content":{"rendered":"<div data-elementor-type=\"wp-page\" data-elementor-id=\"2118\" class=\"elementor elementor-2118\">\n\t\t\t\t\t\t<section class=\"elementor-section elementor-top-section elementor-element elementor-element-8ab5842 elementor-section-full_width qodef-elementor-content-grid elementor-section-height-default elementor-section-height-default\" data-id=\"8ab5842\" data-element_type=\"section\" data-settings=\"{&quot;background_background&quot;:&quot;classic&quot;}\">\n\t\t\t\t\t\t<div class=\"elementor-container elementor-column-gap-default\">\n\t\t\t\t\t<div class=\"elementor-column elementor-col-100 elementor-top-column elementor-element elementor-element-21a0e6d\" data-id=\"21a0e6d\" data-element_type=\"column\">\n\t\t\t<div class=\"elementor-widget-wrap elementor-element-populated\">\n\t\t\t\t\t\t<div class=\"elementor-element elementor-element-944df47 elementor-hidden-tablet elementor-hidden-mobile elementor-widget elementor-widget-manufaktursolutions_core_section_title\" data-id=\"944df47\" data-element_type=\"widget\" data-widget_type=\"manufaktursolutions_core_section_title.default\">\n\t\t\t\t<div class=\"elementor-widget-container\">\n\t\t\t<div class=\"qodef-shortcode qodef-m  qodef-section-title qodef-alignment--left\">\n\t\t<p class=\"qodef-m-highlight-text\" style=\"color: #FFFFFF;margin-bottom: 25px\">Umjetnost u bakru<\/p>\n\t\t<h1 class=\"qodef-m-title\" style=\"color: #FFFFFF\">\n\t\t\t\t\tO nama:<br \/> Pri\u010da o AbrakaBakra Copper Art\t\t\t<\/h1>\n\t\t<\/div>\n\t\t<\/div>\n\t\t\t\t<\/div>\n\t\t\t\t<div class=\"elementor-element elementor-element-442f73e elementor-hidden-desktop elementor-widget elementor-widget-manufaktursolutions_core_section_title\" data-id=\"442f73e\" data-element_type=\"widget\" data-widget_type=\"manufaktursolutions_core_section_title.default\">\n\t\t\t\t<div class=\"elementor-widget-container\">\n\t\t\t<div class=\"qodef-shortcode qodef-m  qodef-section-title qodef-alignment--left\">\n\t\t<p class=\"qodef-m-highlight-text\" style=\"color: #FFFFFF;margin-bottom: 25px\">Umjetnost u bakru<\/p>\n\t\t<h3 class=\"qodef-m-title\" style=\"color: #FFFFFF\">\n\t\t\t\t\tO nama:<br \/> Pri\u010da o AbrakaBakra Copper Art\t\t\t<\/h3>\n\t\t<\/div>\n\t\t<\/div>\n\t\t\t\t<\/div>\n\t\t\t\t\t<\/div>\n\t\t<\/div>\n\t\t\t\t\t<\/div>\n\t\t<\/section>\n\t\t<div class=\"elementor-element elementor-element-5fa1067 e-flex e-con-boxed e-con e-parent\" data-id=\"5fa1067\" data-element_type=\"container\" data-settings=\"{&quot;background_background&quot;:&quot;slideshow&quot;,&quot;background_slideshow_gallery&quot;:[],&quot;background_slideshow_loop&quot;:&quot;yes&quot;,&quot;background_slideshow_slide_duration&quot;:5000,&quot;background_slideshow_slide_transition&quot;:&quot;fade&quot;,&quot;background_slideshow_transition_duration&quot;:500}\">\n\t\t\t\t\t<div class=\"e-con-inner\">\n\t\t\t\t<div class=\"elementor-element elementor-element-a0df031 elementor-widget elementor-widget-text-editor\" data-id=\"a0df031\" data-element_type=\"widget\" data-widget_type=\"text-editor.default\">\n\t\t\t\t<div class=\"elementor-widget-container\">\n\t\t\t<style>\/*! elementor - v3.23.0 - 05-08-2024 *\/\n.elementor-widget-text-editor.elementor-drop-cap-view-stacked .elementor-drop-cap{background-color:#69727d;color:#fff}.elementor-widget-text-editor.elementor-drop-cap-view-framed .elementor-drop-cap{color:#69727d;border:3px solid;background-color:transparent}.elementor-widget-text-editor:not(.elementor-drop-cap-view-default) .elementor-drop-cap{margin-top:8px}.elementor-widget-text-editor:not(.elementor-drop-cap-view-default) .elementor-drop-cap-letter{width:1em;height:1em}.elementor-widget-text-editor .elementor-drop-cap{float:left;text-align:center;line-height:1;font-size:50px}.elementor-widget-text-editor .elementor-drop-cap-letter{display:inline-block}<\/style>\t\t\t\t<p style=\"text-align: justify;\"><span style=\"color: #000000;\">Dobrodo\u0161li u AbrakaBakra Copper Art, kreativnu radionicu posve\u0107enu revitalizaciji tradicionalnih zanata s posebnim fokusom na rad s bakrom. Na\u0161 projekt vodi umjetnik Denis Drljevi\u0107 iz Bosne i Hercegovine, s ciljem ponovnog otkrivanja ljepote i zna\u010daja zanata poput kujund\u017eijskog i kazand\u017eijskog, koji su duboko ukorijenjeni u na\u0161oj kulturnoj ba\u0161tini. Smje\u0161teni u srcu Starog grada Mostara, nudimo jedinstvene ru\u010dno ra\u0111ene predmete koji spajaju bogatu tradiciju i modernu umjetnost.<\/span><\/p><p style=\"text-align: justify;\"><span style=\"color: #000000;\">Od 16. stolje\u0107a do danas, modeliranje i obrada bakra za izradu ukrasnih predmeta i predmeta za svakodnevnu upotrebu dio su svakodnevnog \u017eivota u Bosni i Hercegovini. Na\u0161e kreacije, poput bakrenih reljefa, nakita, bookmarkera, magneta, orgonita, lampi i namje\u0161taja, pro\u017eete su tradicijom i inovacijom. Ve\u0107ina proizvoda koji izlaze iz na\u0161e radionice izra\u0111eni su od recikliranog bakra prikupljenog na otpadu, u kombinaciji s ru\u010dno iskucanim starim kovanicama, drvetom, kamenom, kristalima, te u suradnji s drugim lokalnim zanatlijama i umjetnicima.<\/span><\/p><p style=\"text-align: justify;\"><span style=\"color: #000000;\">Inspiraciju crpimo iz jedinstvenog ambijenta Mostara\u2014njegove svjetlosti, Starog mosta, historijskog gradskog jezgra i slobodarske tradicije. Ovo okru\u017eenje je oblikovalo umjetnike koji su pomjerili granice tradicije, pretvaraju\u0107i bakar u umjetnost. Djela legendi poput Pere D\u017eidi\u0107a, Kemala Kebe, Ismeta Kurta i Safeta Begovi\u0107a prona\u0161la su put do svih krajeva svijeta, a Denis je svoje prve korake u zanatu napravio uz ove majstore. Tako je razvio ljubav prema bakrenim reljefima i karakteristi\u010dnim bosanskim nadgrobnim spomenicima \u2013 ste\u0107cima, koji su mu postali nepresu\u0161an izvor inspiracije.<\/span><\/p><p style=\"text-align: justify;\"><span style=\"color: #000000;\">Kroz svoj put, Denis je usavr\u0161avao izradu nakita sa Safetom Begovi\u0107em, a kasnije je razvio svoj vlastiti stil i na\u010din rada, istovremeno dijele\u0107i svoje znanje s drugima. AbrakaBakra Copper Art tako postaje ne samo mjesto gdje mo\u017eete prona\u0107i jedinstvene umjetnine i nakit, ve\u0107 i centar gdje se \u010duva i prenosi bogata tradicija ru\u010dne izrade bakrenih predmeta.<\/span><\/p><p style=\"text-align: justify;\"><span style=\"color: #000000;\">Na\u0161i temelji po\u010divaju na estetici, etici, tradiciji, inovaciji, slavljenju Jednog Boga i zahvalnosti za dar \u017eivota. Na\u0161a misija je \u0161iriti poruku univerzalne ljubavi, pravde, mudrosti, bratstva i sestrinstva, suosje\u0107anja, pozitivne energije i transcendencije kroz umjetnost.<\/span><\/p><p style=\"text-align: justify;\"><span style=\"color: #000000;\">Pozivamo vas da istra\u017eite na\u0161u kolekciju i osjetite duh Mostara kroz na\u0161e jedinstvene ru\u010dno ra\u0111ene predmete.<\/span><\/p>\t\t\t\t\t\t<\/div>\n\t\t\t\t<\/div>\n\t\t\t\t\t<\/div>\n\t\t\t\t<\/div>\n\t\t<div class=\"elementor-element elementor-element-78b8bba e-flex e-con-boxed e-con e-parent\" data-id=\"78b8bba\" data-element_type=\"container\">\n\t\t\t\t\t<div class=\"e-con-inner\">\n\t\t\t\t<div class=\"elementor-element elementor-element-fbb5050 elementor-widget elementor-widget-manufaktursolutions_core_image_gallery\" data-id=\"fbb5050\" data-element_type=\"widget\" data-widget_type=\"manufaktursolutions_core_image_gallery.default\">\n\t\t\t\t<div class=\"elementor-widget-container\">\n\t\t\t<div class=\"qodef-shortcode qodef-m  qodef-image-gallery    qodef-grid qodef-layout--masonry  qodef-gutter--tiny qodef-col-num--2  qodef-responsive--predefined\">\n\t<div class=\"qodef-grid-inner clear\">\n\t\t\t<div class=\"qodef-grid-masonry-sizer\"><\/div>\n\t<div class=\"qodef-grid-masonry-gutter\"><\/div>\n<div class=\"qodef-e qodef-image-wrapper qodef-grid-item qodef-parallax-item\">\n\t\t\t<img fetchpriority=\"high\" decoding=\"async\" width=\"1722\" height=\"2152\" src=\"https:\/\/abrakabakra.com\/wp-content\/uploads\/2024\/11\/01-2.jpg\" class=\"attachment-full size-full\" alt=\"\" \/>\t<\/div>\n<div class=\"qodef-e qodef-image-wrapper qodef-grid-item qodef-parallax-item\">\n\t\t\t<img decoding=\"async\" width=\"3991\" height=\"2661\" src=\"https:\/\/abrakabakra.com\/wp-content\/uploads\/2024\/11\/MG_0309-2-2.jpg\" class=\"attachment-full size-full\" alt=\"\" \/>\t<\/div>\n<div class=\"qodef-e qodef-image-wrapper qodef-grid-item qodef-parallax-item\">\n\t\t\t<img decoding=\"async\" width=\"2912\" height=\"3640\" src=\"https:\/\/abrakabakra.com\/wp-content\/uploads\/2024\/11\/MG_0541-1.jpg\" class=\"attachment-full size-full\" alt=\"\" \/>\t<\/div>\n<div class=\"qodef-e qodef-image-wrapper qodef-grid-item qodef-parallax-item\">\n\t\t\t<img loading=\"lazy\" decoding=\"async\" width=\"4166\" height=\"2777\" src=\"https:\/\/abrakabakra.com\/wp-content\/uploads\/2024\/11\/MG_1301-2.jpg\" class=\"attachment-full size-full\" alt=\"\" \/>\t<\/div>\n<div class=\"qodef-e qodef-image-wrapper qodef-grid-item qodef-parallax-item\">\n\t\t\t<img loading=\"lazy\" decoding=\"async\" width=\"1600\" height=\"1067\" src=\"https:\/\/abrakabakra.com\/wp-content\/uploads\/2024\/11\/152815813_916136475793378_7997668655266802622_n.jpg\" class=\"attachment-full size-full\" alt=\"\" \/>\t<\/div>\n<div class=\"qodef-e qodef-image-wrapper qodef-grid-item qodef-parallax-item\">\n\t\t\t<img loading=\"lazy\" decoding=\"async\" width=\"3744\" height=\"4992\" src=\"https:\/\/abrakabakra.com\/wp-content\/uploads\/2024\/11\/IMG_4183-6-2.jpg\" class=\"attachment-full size-full\" alt=\"\" \/>\t<\/div>\n<div class=\"qodef-e qodef-image-wrapper qodef-grid-item qodef-parallax-item\">\n\t\t\t<img loading=\"lazy\" decoding=\"async\" width=\"5333\" height=\"4000\" src=\"https:\/\/abrakabakra.com\/wp-content\/uploads\/2024\/11\/IMG_5612-2.jpg\" class=\"attachment-full size-full\" alt=\"\" \/>\t<\/div>\n\t<\/div>\n<\/div>\n\t\t<\/div>\n\t\t\t\t<\/div>\n\t\t\t\t\t<\/div>\n\t\t\t\t<\/div>\n\t\t\t\t<section class=\"elementor-section elementor-top-section elementor-element elementor-element-192f52b elementor-section-full_width qodef-elementor-content-grid elementor-section-height-default elementor-section-height-default\" data-id=\"192f52b\" data-element_type=\"section\" data-settings=\"{&quot;background_background&quot;:&quot;classic&quot;}\">\n\t\t\t\t\t\t<div class=\"elementor-container elementor-column-gap-default\">\n\t\t\t\t\t<div class=\"elementor-column elementor-col-100 elementor-top-column elementor-element elementor-element-e11b6cb\" data-id=\"e11b6cb\" data-element_type=\"column\">\n\t\t\t<div class=\"elementor-widget-wrap elementor-element-populated\">\n\t\t\t\t\t\t<div class=\"elementor-element elementor-element-ccacaa6 elementor-widget__width-auto elementor-widget elementor-widget-manufaktursolutions_core_custom_font\" data-id=\"ccacaa6\" data-element_type=\"widget\" data-widget_type=\"manufaktursolutions_core_custom_font.default\">\n\t\t\t\t<div class=\"elementor-widget-container\">\n\t\t\t<p class=\"qodef-shortcode qodef-m  qodef-custom-font qodef-custom-font-730 qodef-layout--simple\" style=\"color: #FF7618;font-size: 14px;line-height: 18px;letter-spacing: 0px;font-weight: 700;text-transform: uppercase\">ABRAKABAKRA COPPER ART<\/p>\n\t\t<\/div>\n\t\t\t\t<\/div>\n\t\t\t\t<section class=\"elementor-section elementor-inner-section elementor-element elementor-element-daf953e elementor-section-full_width elementor-section-height-default elementor-section-height-default qodef-elementor-content-no\" data-id=\"daf953e\" data-element_type=\"section\">\n\t\t\t\t\t\t<div class=\"elementor-container elementor-column-gap-default\">\n\t\t\t\t\t<div class=\"elementor-column elementor-col-100 elementor-inner-column elementor-element elementor-element-d028958\" data-id=\"d028958\" data-element_type=\"column\">\n\t\t\t<div class=\"elementor-widget-wrap elementor-element-populated\">\n\t\t\t\t\t\t<div class=\"elementor-element elementor-element-7db9fae elementor-widget elementor-widget-manufaktursolutions_core_custom_font\" data-id=\"7db9fae\" data-element_type=\"widget\" data-widget_type=\"manufaktursolutions_core_custom_font.default\">\n\t\t\t\t<div class=\"elementor-widget-container\">\n\t\t\t<h1 class=\"qodef-shortcode qodef-m  qodef-custom-font qodef-custom-font-388 qodef-layout--simple\" style=\"color: #FFFFFF;font-size: 50px;line-height: 50px\">Otkrijte svoju povezanost s<br \/> Vje\u010dnim zanatstvom.\n<\/h1>\n\t\t<\/div>\n\t\t\t\t<\/div>\n\t\t\t\t<div class=\"elementor-element elementor-element-0135b55 elementor-widget elementor-widget-manufaktursolutions_core_button\" data-id=\"0135b55\" data-element_type=\"widget\" data-widget_type=\"manufaktursolutions_core_button.default\">\n\t\t\t\t<div class=\"elementor-widget-container\">\n\t\t\t<a class=\"qodef-shortcode qodef-m  qodef-button qodef-layout--outlined  qodef-html--link\" href=\"https:\/\/abrakabakra.com\/bs\/contact-us\/\" target=\"_self\"  style=\"color: #FFFFFF\">\n\t<span class=\"qodef-m-text\">Kontaktirajte nas<\/span>\n    <span class=\"qodef-m-button-arrow-holder\" >\n        <svg class=\"qodef-svg--button-arrow\" xmlns=\"http:\/\/www.w3.org\/2000\/svg\" width=\"17.65\" height=\"13.1\"\n     viewbox=\"0 0 17.65 13.1\"><path d=\"m11.75 13.1-1.275-1.275L14.1 8.2l.85-.575-.1-.3-1.025.125H0V5.625h13.825l1.025.15.1-.3-.85-.575-3.625-3.625L11.75 0l5.9 5.9v1.3Z\"\/><path d=\"m11.75 13.1-1.275-1.275L14.1 8.2l.85-.575-.1-.3-1.025.125H0V5.625h13.825l1.025.15.1-.3-.85-.575-3.625-3.625L11.75 0l5.9 5.9v1.3Z\"\/><\/svg>    <\/span>\n<\/a>\t\t<\/div>\n\t\t\t\t<\/div>\n\t\t\t\t\t<\/div>\n\t\t<\/div>\n\t\t\t\t\t<\/div>\n\t\t<\/section>\n\t\t\t\t\t<\/div>\n\t\t<\/div>\n\t\t\t\t\t<\/div>\n\t\t<\/section>\n\t\t\t\t<\/div>","protected":false},"excerpt":{"rendered":"<p>Art in Copper About Us: The Story of Abrakabakra Art in Copper About Us: The Story of Abrakabakra Welcome to AbrakaBakra Copper Art, a creative workshop dedicated to revitalizing traditional crafts with a special focus on copper work. Our project is led by artist Denis Drljevi\u0107 from Bosnia and Herzegovina, with the goal of rediscovering [&hellip;]<\/p>","protected":false},"author":1,"featured_media":0,"parent":0,"menu_order":0,"comment_status":"closed","ping_status":"closed","template":"page-full-width.php","meta":{"_themeisle_gutenberg_block_has_review":false,"footnotes":""},"class_list":["post-2118","page","type-page","status-publish","hentry"],"yoast_head":"<!-- This site is optimized with the Yoast SEO plugin v23.8 - https:\/\/yoast.com\/wordpress\/plugins\/seo\/ -->\n<title>About Us - AbrakaBakra Copper Art<\/title>\n<meta name=\"robots\" content=\"index, follow, max-snippet:-1, max-image-preview:large, max-video-preview:-1\" \/>\n<link rel=\"canonical\" href=\"https:\/\/abrakabakra.com\/bs\/about-us\/\" \/>\n<meta property=\"og:locale\" content=\"bs_BA\" \/>\n<meta property=\"og:type\" content=\"article\" \/>\n<meta property=\"og:title\" content=\"About Us - AbrakaBakra Copper Art\" \/>\n<meta property=\"og:description\" content=\"Art in Copper About Us: The Story of Abrakabakra Art in Copper About Us: The Story of Abrakabakra Welcome to AbrakaBakra Copper Art, a creative workshop dedicated to revitalizing traditional crafts with a special focus on copper work. Our project is led by artist Denis Drljevi\u0107 from Bosnia and Herzegovina, with the goal of rediscovering [&hellip;]\" \/>\n<meta property=\"og:url\" content=\"https:\/\/abrakabakra.com\/bs\/about-us\/\" \/>\n<meta property=\"og:site_name\" content=\"AbrakaBakra Copper Art\" \/>\n<meta property=\"article:publisher\" content=\"https:\/\/www.facebook.com\/abrakabakracopperart\" \/>\n<meta property=\"article:modified_time\" content=\"2024-11-20T19:11:16+00:00\" \/>\n<meta property=\"og:image\" content=\"https:\/\/abrakabakra.com\/wp-content\/uploads\/2024\/11\/01-2.jpg\" \/>\n<meta name=\"twitter:card\" content=\"summary_large_image\" \/>\n<meta name=\"twitter:label1\" content=\"Est. reading time\" \/>\n\t<meta name=\"twitter:data1\" content=\"4 minute\" \/>\n<script type=\"application\/ld+json\" class=\"yoast-schema-graph\">{\"@context\":\"https:\/\/schema.org\",\"@graph\":[{\"@type\":\"WebPage\",\"@id\":\"https:\/\/abrakabakra.com\/bs\/about-us\/\",\"url\":\"https:\/\/abrakabakra.com\/bs\/about-us\/\",\"name\":\"About Us - AbrakaBakra Copper Art\",\"isPartOf\":{\"@id\":\"https:\/\/abrakabakra.com\/#website\"},\"primaryImageOfPage\":{\"@id\":\"https:\/\/abrakabakra.com\/bs\/about-us\/#primaryimage\"},\"image\":{\"@id\":\"https:\/\/abrakabakra.com\/bs\/about-us\/#primaryimage\"},\"thumbnailUrl\":\"https:\/\/abrakabakra.com\/wp-content\/uploads\/2024\/11\/01-2.jpg\",\"datePublished\":\"2022-10-16T11:45:42+00:00\",\"dateModified\":\"2024-11-20T19:11:16+00:00\",\"breadcrumb\":{\"@id\":\"https:\/\/abrakabakra.com\/bs\/about-us\/#breadcrumb\"},\"inLanguage\":\"bs-BA\",\"potentialAction\":[{\"@type\":\"ReadAction\",\"target\":[\"https:\/\/abrakabakra.com\/bs\/about-us\/\"]}]},{\"@type\":\"ImageObject\",\"inLanguage\":\"bs-BA\",\"@id\":\"https:\/\/abrakabakra.com\/bs\/about-us\/#primaryimage\",\"url\":\"https:\/\/abrakabakra.com\/wp-content\/uploads\/2024\/11\/01-2.jpg\",\"contentUrl\":\"https:\/\/abrakabakra.com\/wp-content\/uploads\/2024\/11\/01-2.jpg\"},{\"@type\":\"BreadcrumbList\",\"@id\":\"https:\/\/abrakabakra.com\/bs\/about-us\/#breadcrumb\",\"itemListElement\":[{\"@type\":\"ListItem\",\"position\":1,\"name\":\"Home\",\"item\":\"https:\/\/abrakabakra.com\/\"},{\"@type\":\"ListItem\",\"position\":2,\"name\":\"About Us\"}]},{\"@type\":\"WebSite\",\"@id\":\"https:\/\/abrakabakra.com\/#website\",\"url\":\"https:\/\/abrakabakra.com\/\",\"name\":\"AbrakaBakra Copper Art\",\"description\":\"Coppersmith Mostar\",\"publisher\":{\"@id\":\"https:\/\/abrakabakra.com\/#organization\"},\"potentialAction\":[{\"@type\":\"SearchAction\",\"target\":{\"@type\":\"EntryPoint\",\"urlTemplate\":\"https:\/\/abrakabakra.com\/?s={search_term_string}\"},\"query-input\":{\"@type\":\"PropertyValueSpecification\",\"valueRequired\":true,\"valueName\":\"search_term_string\"}}],\"inLanguage\":\"bs-BA\"},{\"@type\":\"Organization\",\"@id\":\"https:\/\/abrakabakra.com\/#organization\",\"name\":\"AbrakaBakra Copper Art\",\"url\":\"https:\/\/abrakabakra.com\/\",\"logo\":{\"@type\":\"ImageObject\",\"inLanguage\":\"bs-BA\",\"@id\":\"https:\/\/abrakabakra.com\/#\/schema\/logo\/image\/\",\"url\":\"https:\/\/abrakabakra.com\/wp-content\/uploads\/2024\/08\/ABK-logotip_transpC-01.png\",\"contentUrl\":\"https:\/\/abrakabakra.com\/wp-content\/uploads\/2024\/08\/ABK-logotip_transpC-01.png\",\"width\":4961,\"height\":3508,\"caption\":\"AbrakaBakra Copper Art\"},\"image\":{\"@id\":\"https:\/\/abrakabakra.com\/#\/schema\/logo\/image\/\"},\"sameAs\":[\"https:\/\/www.facebook.com\/abrakabakracopperart\"]}]}<\/script>\n<!-- \/ Yoast SEO plugin. -->","yoast_head_json":{"title":"About Us - AbrakaBakra Copper Art","robots":{"index":"index","follow":"follow","max-snippet":"max-snippet:-1","max-image-preview":"max-image-preview:large","max-video-preview":"max-video-preview:-1"},"canonical":"https:\/\/abrakabakra.com\/bs\/about-us\/","og_locale":"bs_BA","og_type":"article","og_title":"About Us - AbrakaBakra Copper Art","og_description":"Art in Copper About Us: The Story of Abrakabakra Art in Copper About Us: The Story of Abrakabakra Welcome to AbrakaBakra Copper Art, a creative workshop dedicated to revitalizing traditional crafts with a special focus on copper work. Our project is led by artist Denis Drljevi\u0107 from Bosnia and Herzegovina, with the goal of rediscovering [&hellip;]","og_url":"https:\/\/abrakabakra.com\/bs\/about-us\/","og_site_name":"AbrakaBakra Copper Art","article_publisher":"https:\/\/www.facebook.com\/abrakabakracopperart","article_modified_time":"2024-11-20T19:11:16+00:00","og_image":[{"url":"https:\/\/abrakabakra.com\/wp-content\/uploads\/2024\/11\/01-2.jpg"}],"twitter_card":"summary_large_image","twitter_misc":{"Est. reading time":"4 minute"},"schema":{"@context":"https:\/\/schema.org","@graph":[{"@type":"WebPage","@id":"https:\/\/abrakabakra.com\/bs\/about-us\/","url":"https:\/\/abrakabakra.com\/bs\/about-us\/","name":"About Us - AbrakaBakra Copper Art","isPartOf":{"@id":"https:\/\/abrakabakra.com\/#website"},"primaryImageOfPage":{"@id":"https:\/\/abrakabakra.com\/bs\/about-us\/#primaryimage"},"image":{"@id":"https:\/\/abrakabakra.com\/bs\/about-us\/#primaryimage"},"thumbnailUrl":"https:\/\/abrakabakra.com\/wp-content\/uploads\/2024\/11\/01-2.jpg","datePublished":"2022-10-16T11:45:42+00:00","dateModified":"2024-11-20T19:11:16+00:00","breadcrumb":{"@id":"https:\/\/abrakabakra.com\/bs\/about-us\/#breadcrumb"},"inLanguage":"bs-BA","potentialAction":[{"@type":"ReadAction","target":["https:\/\/abrakabakra.com\/bs\/about-us\/"]}]},{"@type":"ImageObject","inLanguage":"bs-BA","@id":"https:\/\/abrakabakra.com\/bs\/about-us\/#primaryimage","url":"https:\/\/abrakabakra.com\/wp-content\/uploads\/2024\/11\/01-2.jpg","contentUrl":"https:\/\/abrakabakra.com\/wp-content\/uploads\/2024\/11\/01-2.jpg"},{"@type":"BreadcrumbList","@id":"https:\/\/abrakabakra.com\/bs\/about-us\/#breadcrumb","itemListElement":[{"@type":"ListItem","position":1,"name":"Home","item":"https:\/\/abrakabakra.com\/"},{"@type":"ListItem","position":2,"name":"About Us"}]},{"@type":"WebSite","@id":"https:\/\/abrakabakra.com\/#website","url":"https:\/\/abrakabakra.com\/","name":"AbrakaBakra Copper Art","description":"Coppersmith Mostar","publisher":{"@id":"https:\/\/abrakabakra.com\/#organization"},"potentialAction":[{"@type":"SearchAction","target":{"@type":"EntryPoint","urlTemplate":"https:\/\/abrakabakra.com\/?s={search_term_string}"},"query-input":{"@type":"PropertyValueSpecification","valueRequired":true,"valueName":"search_term_string"}}],"inLanguage":"bs-BA"},{"@type":"Organization","@id":"https:\/\/abrakabakra.com\/#organization","name":"AbrakaBakra Copper Art","url":"https:\/\/abrakabakra.com\/","logo":{"@type":"ImageObject","inLanguage":"bs-BA","@id":"https:\/\/abrakabakra.com\/#\/schema\/logo\/image\/","url":"https:\/\/abrakabakra.com\/wp-content\/uploads\/2024\/08\/ABK-logotip_transpC-01.png","contentUrl":"https:\/\/abrakabakra.com\/wp-content\/uploads\/2024\/08\/ABK-logotip_transpC-01.png","width":4961,"height":3508,"caption":"AbrakaBakra Copper Art"},"image":{"@id":"https:\/\/abrakabakra.com\/#\/schema\/logo\/image\/"},"sameAs":["https:\/\/www.facebook.com\/abrakabakracopperart"]}]}},"_links":{"self":[{"href":"https:\/\/abrakabakra.com\/bs\/wp-json\/wp\/v2\/pages\/2118","targetHints":{"allow":["GET"]}}],"collection":[{"href":"https:\/\/abrakabakra.com\/bs\/wp-json\/wp\/v2\/pages"}],"about":[{"href":"https:\/\/abrakabakra.com\/bs\/wp-json\/wp\/v2\/types\/page"}],"author":[{"embeddable":true,"href":"https:\/\/abrakabakra.com\/bs\/wp-json\/wp\/v2\/users\/1"}],"replies":[{"embeddable":true,"href":"https:\/\/abrakabakra.com\/bs\/wp-json\/wp\/v2\/comments?post=2118"}],"version-history":[{"count":27,"href":"https:\/\/abrakabakra.com\/bs\/wp-json\/wp\/v2\/pages\/2118\/revisions"}],"predecessor-version":[{"id":9023,"href":"https:\/\/abrakabakra.com\/bs\/wp-json\/wp\/v2\/pages\/2118\/revisions\/9023"}],"wp:attachment":[{"href":"https:\/\/abrakabakra.com\/bs\/wp-json\/wp\/v2\/media?parent=2118"}],"curies":[{"name":"wp","href":"https:\/\/api.w.org\/{rel}","templated":true}]}}