{"id":2612,"date":"2022-10-19T10:35:44","date_gmt":"2022-10-19T10:35:44","guid":{"rendered":"https:\/\/manufaktursolutions.qodeinteractive.com\/?page_id=2612"},"modified":"2024-11-18T17:28:19","modified_gmt":"2024-11-18T17:28:19","slug":"contact-us","status":"publish","type":"page","link":"https:\/\/abrakabakra.com\/bs\/contact-us\/","title":{"rendered":"Kontakt"},"content":{"rendered":"<div data-elementor-type=\"wp-page\" data-elementor-id=\"2612\" class=\"elementor elementor-2612\">\n\t\t\t\t\t\t<section class=\"elementor-section elementor-top-section elementor-element elementor-element-7a092ad elementor-section-full_width elementor-section-height-default elementor-section-height-default qodef-elementor-content-no\" data-id=\"7a092ad\" data-element_type=\"section\">\n\t\t\t\t\t\t<div class=\"elementor-container elementor-column-gap-default\">\n\t\t\t\t\t<div class=\"elementor-column elementor-col-50 elementor-top-column elementor-element elementor-element-b71fb32\" data-id=\"b71fb32\" data-element_type=\"column\" data-settings=\"{&quot;background_background&quot;:&quot;classic&quot;}\">\n\t\t\t<div class=\"elementor-widget-wrap elementor-element-populated\">\n\t\t\t\t\t\t<div class=\"elementor-element elementor-element-6caf59e elementor-widget elementor-widget-manufaktursolutions_core_section_title\" data-id=\"6caf59e\" data-element_type=\"widget\" data-widget_type=\"manufaktursolutions_core_section_title.default\">\n\t\t\t\t<div class=\"elementor-widget-container\">\n\t\t\t<div class=\"qodef-shortcode qodef-m  qodef-section-title qodef-alignment--left qodef-title-break--disabled\">\n\t\t<p class=\"qodef-m-highlight-text\" >Kontaktirajte nas<\/p>\n\t\t<h3 class=\"qodef-m-title\" >\n\t\t\t\t\t Pove\u017eite se s Abrakabakra Copper Art<br \/>\t\t\t<\/h3>\n\t\t\t<p class=\"qodef-m-text\" >Tu smo da pomognemo! Bilo da imate pitanje o na\u0161im ru\u010dno ra\u0111enim bakrenim proizvodima, \u017eelite razgovarati o prilago\u0111enoj narud\u017ebi ili jednostavno \u017eelite saznati vi\u0161e o na\u0161em radu, rado \u0107emo vam odgovoriti.<\/p>\n<\/div>\n\t\t<\/div>\n\t\t\t\t<\/div>\n\t\t\t\t<section class=\"elementor-section elementor-inner-section elementor-element elementor-element-ec80338 elementor-section-boxed elementor-section-height-default elementor-section-height-default qodef-elementor-content-no\" data-id=\"ec80338\" data-element_type=\"section\">\n\t\t\t\t\t\t<div class=\"elementor-container elementor-column-gap-default\">\n\t\t\t\t\t<div class=\"elementor-column elementor-col-50 elementor-inner-column elementor-element elementor-element-47b7f05\" data-id=\"47b7f05\" data-element_type=\"column\">\n\t\t\t<div class=\"elementor-widget-wrap elementor-element-populated\">\n\t\t\t\t\t\t<div class=\"elementor-element elementor-element-894005a elementor-widget elementor-widget-manufaktursolutions_core_custom_font\" data-id=\"894005a\" data-element_type=\"widget\" data-widget_type=\"manufaktursolutions_core_custom_font.default\">\n\t\t\t\t<div class=\"elementor-widget-container\">\n\t\t\t<p class=\"qodef-shortcode qodef-m  qodef-custom-font qodef-custom-font-881 qodef-layout--simple\" style=\"color: #15141C;font-family: lATO;font-size: 14px;font-weight: 700\">NA\u0160A ADRESA<\/p>\n\t\t<\/div>\n\t\t\t\t<\/div>\n\t\t\t\t<div class=\"elementor-element elementor-element-f0eaeca elementor-widget elementor-widget-text-editor\" data-id=\"f0eaeca\" data-element_type=\"widget\" data-widget_type=\"text-editor.default\">\n\t\t\t\t<div class=\"elementor-widget-container\">\n\t\t\t<style>\/*! elementor - v3.23.0 - 05-08-2024 *\/\n.elementor-widget-text-editor.elementor-drop-cap-view-stacked .elementor-drop-cap{background-color:#69727d;color:#fff}.elementor-widget-text-editor.elementor-drop-cap-view-framed .elementor-drop-cap{color:#69727d;border:3px solid;background-color:transparent}.elementor-widget-text-editor:not(.elementor-drop-cap-view-default) .elementor-drop-cap{margin-top:8px}.elementor-widget-text-editor:not(.elementor-drop-cap-view-default) .elementor-drop-cap-letter{width:1em;height:1em}.elementor-widget-text-editor .elementor-drop-cap{float:left;text-align:center;line-height:1;font-size:50px}.elementor-widget-text-editor .elementor-drop-cap-letter{display:inline-block}<\/style>\t\t\t\t<p><a href=\"https:\/\/maps.app.goo.gl\/rtE9WWb9YKyjyf5D9\">Stari grad u Mostaru, Rade Bitange - Tabhana bb, Bosna i Hercegovina<\/a><\/p>\t\t\t\t\t\t<\/div>\n\t\t\t\t<\/div>\n\t\t\t\t\t<\/div>\n\t\t<\/div>\n\t\t\t\t<div class=\"elementor-column elementor-col-50 elementor-inner-column elementor-element elementor-element-b817937\" data-id=\"b817937\" data-element_type=\"column\">\n\t\t\t<div class=\"elementor-widget-wrap elementor-element-populated\">\n\t\t\t\t\t\t<div class=\"elementor-element elementor-element-b037309 elementor-widget elementor-widget-manufaktursolutions_core_custom_font\" data-id=\"b037309\" data-element_type=\"widget\" data-widget_type=\"manufaktursolutions_core_custom_font.default\">\n\t\t\t\t<div class=\"elementor-widget-container\">\n\t\t\t<p class=\"qodef-shortcode qodef-m  qodef-custom-font qodef-custom-font-58 qodef-layout--simple\" style=\"color: #15141C;font-family: lATO;font-size: 14px;font-weight: 700\">EMAIL<\/p>\n\t\t<\/div>\n\t\t\t\t<\/div>\n\t\t\t\t<div class=\"elementor-element elementor-element-ddb33fa elementor-widget elementor-widget-text-editor\" data-id=\"ddb33fa\" data-element_type=\"widget\" data-widget_type=\"text-editor.default\">\n\t\t\t\t<div class=\"elementor-widget-container\">\n\t\t\t\t\t\t\t<div class=\"x9f619 x1ja2u2z x78zum5 x2lah0s x1n2onr6 x1nhvcw1 x1qjc9v5 xozqiw3 x1q0g3np xyamay9 xykv574 xbmpl8g x4cne27 xifccgj\"><div class=\"x9f619 x1n2onr6 x1ja2u2z x78zum5 xdt5ytf x193iq5w xeuugli x1r8uery x1iyjqo2 xs83m0k xamitd3 xsyo7zv x16hj40l x10b6aqq x1yrsyyn\"><div class=\"x78zum5 xdt5ytf xz62fqu x16ldp7u\"><div class=\"xu06os2 x1ok221b\"><span class=\"x193iq5w xeuugli x13faqbe x1vvkbs x1xmvt09 x1lliihq x1s928wv xhkezso x1gmr53x x1cpjm7i x1fgarty x1943h6x xudqn12 x3x7a5m x6prxxf xvq8zen xo1l8bm xzsf02u x1yc453h\" dir=\"auto\">abcopperart@gmail.com<\/span><\/div><\/div><\/div><\/div><div class=\"x9f619 x1ja2u2z x78zum5 x2lah0s x1n2onr6 x1nhvcw1 x1qjc9v5 xozqiw3 x1q0g3np xyamay9 xykv574 xbmpl8g x4cne27 xifccgj\">\u00a0<\/div>\t\t\t\t\t\t<\/div>\n\t\t\t\t<\/div>\n\t\t\t\t\t<\/div>\n\t\t<\/div>\n\t\t\t\t\t<\/div>\n\t\t<\/section>\n\t\t\t\t<section class=\"elementor-section elementor-inner-section elementor-element elementor-element-b807b94 elementor-section-boxed elementor-section-height-default elementor-section-height-default qodef-elementor-content-no\" data-id=\"b807b94\" data-element_type=\"section\">\n\t\t\t\t\t\t<div class=\"elementor-container elementor-column-gap-default\">\n\t\t\t\t\t<div class=\"elementor-column elementor-col-50 elementor-inner-column elementor-element elementor-element-cb5c694\" data-id=\"cb5c694\" data-element_type=\"column\">\n\t\t\t<div class=\"elementor-widget-wrap elementor-element-populated\">\n\t\t\t\t\t\t<div class=\"elementor-element elementor-element-640baa2 elementor-widget elementor-widget-manufaktursolutions_core_custom_font\" data-id=\"640baa2\" data-element_type=\"widget\" data-widget_type=\"manufaktursolutions_core_custom_font.default\">\n\t\t\t\t<div class=\"elementor-widget-container\">\n\t\t\t<p class=\"qodef-shortcode qodef-m  qodef-custom-font qodef-custom-font-779 qodef-layout--simple\" style=\"color: #15141C;font-family: lATO;font-size: 14px;font-weight: 700\">Telefon<\/p>\n\t\t<\/div>\n\t\t\t\t<\/div>\n\t\t\t\t<div class=\"elementor-element elementor-element-5aa7350 elementor-widget elementor-widget-text-editor\" data-id=\"5aa7350\" data-element_type=\"widget\" data-widget_type=\"text-editor.default\">\n\t\t\t\t<div class=\"elementor-widget-container\">\n\t\t\t\t\t\t\t<p><a href=\"tel: 387 60 32 43 012\">+387 60 32 43 012<\/a><\/p>\t\t\t\t\t\t<\/div>\n\t\t\t\t<\/div>\n\t\t\t\t\t<\/div>\n\t\t<\/div>\n\t\t\t\t<div class=\"elementor-column elementor-col-50 elementor-inner-column elementor-element elementor-element-7b16823\" data-id=\"7b16823\" data-element_type=\"column\">\n\t\t\t<div class=\"elementor-widget-wrap elementor-element-populated\">\n\t\t\t\t\t\t<div class=\"elementor-element elementor-element-267976b elementor-widget elementor-widget-manufaktursolutions_core_custom_font\" data-id=\"267976b\" data-element_type=\"widget\" data-widget_type=\"manufaktursolutions_core_custom_font.default\">\n\t\t\t\t<div class=\"elementor-widget-container\">\n\t\t\t<p class=\"qodef-shortcode qodef-m  qodef-custom-font qodef-custom-font-236 qodef-layout--simple\" style=\"color: #15141C;font-family: lATO;font-size: 14px;font-weight: 700\">SOCIAL<\/p>\n\t\t<\/div>\n\t\t\t\t<\/div>\n\t\t\t\t<div class=\"elementor-element elementor-element-de1c382 elementor-widget-mobile__width-inherit custom-social-icons elementor-widget elementor-widget-wp-widget-manufaktursolutions_core_social_icons_group\" data-id=\"de1c382\" data-element_type=\"widget\" data-widget_type=\"wp-widget-manufaktursolutions_core_social_icons_group.default\">\n\t\t\t\t<div class=\"elementor-widget-container\">\n\t\t\t\t\t\t<div class=\"qodef-social-icons-group\">\n\t\t\t\t<span class=\"qodef-shortcode qodef-m  qodef-icon-holder  qodef-layout--normal\" data-hover-color=\"#c1c1c1\" >\t\t\t<a itemprop=\"url\" href=\"https:\/\/www.facebook.com\/abrakabakracopperart\" target=\"_blank\">\t\t\t<span class=\"qodef-icon-elegant-icons social_facebook qodef-icon qodef-e\" style=\"font-size: 16px\" ><\/span>\t\t\t<\/a>\t<\/span><span class=\"qodef-shortcode qodef-m  qodef-icon-holder  qodef-layout--normal\" data-hover-color=\"#c1c1c1\" >\t\t\t<a itemprop=\"url\" href=\"https:\/\/www.instagram.com\/abrakabakracopperart\/\" target=\"_blank\">\t\t\t<span class=\"qodef-icon-font-awesome fab fa-instagram qodef-icon qodef-e\" style=\"color: #ff7618;font-size: 16px\" ><\/span>\t\t\t<\/a>\t<\/span><span class=\"qodef-shortcode qodef-m  qodef-icon-holder  qodef-layout--normal\" data-hover-color=\"#c1c1c1\" >\t\t\t<a itemprop=\"url\" href=\"https:\/\/www.tiktok.com\/@abcopperart\" target=\"_blank\">\t\t\t<span class=\"qodef-icon-font-awesome fab fa-tiktok qodef-icon qodef-e\" style=\"color: #ff7618;font-size: 16px\" ><\/span>\t\t\t<\/a>\t<\/span>\t\t\t<\/div>\n\t\t\t\t\t<\/div>\n\t\t\t\t<\/div>\n\t\t\t\t\t<\/div>\n\t\t<\/div>\n\t\t\t\t\t<\/div>\n\t\t<\/section>\n\t\t\t\t\t<\/div>\n\t\t<\/div>\n\t\t\t\t<div class=\"elementor-column elementor-col-50 elementor-top-column elementor-element elementor-element-fb13897\" data-id=\"fb13897\" data-element_type=\"column\" data-settings=\"{&quot;background_background&quot;:&quot;classic&quot;}\">\n\t\t\t<div class=\"elementor-widget-wrap elementor-element-populated\">\n\t\t\t\t\t\t<div class=\"elementor-element elementor-element-336d0f1 elementor-widget elementor-widget-wp-widget-manufaktursolutions_core_contact_form_7\" data-id=\"336d0f1\" data-element_type=\"widget\" data-widget_type=\"wp-widget-manufaktursolutions_core_contact_form_7.default\">\n\t\t\t\t<div class=\"elementor-widget-container\">\n\t\t\t\t\t\t<div class=\"qodef-contact-form-7\">\n\t\t\t\t\n<div class=\"wpcf7 no-js\" id=\"wpcf7-f7432-o1\" lang=\"en-US\" dir=\"ltr\">\n<div class=\"screen-reader-response\"><p role=\"status\" aria-live=\"polite\" aria-atomic=\"true\"><\/p> <ul><\/ul><\/div>\n<form action=\"\/wp-json\/wp\/v2\/pages\/2612\" method=\"post\" class=\"wpcf7-form init\" aria-label=\"Contact form\" novalidate=\"novalidate\" data-status=\"init\" data-trp-original-action=\"\/bs\/wp-json\/wp\/v2\/pages\/2612#wpcf7-f7432-o1\">\n<div style=\"display: none;\">\n<input type=\"hidden\" name=\"_wpcf7\" value=\"7432\" \/>\n<input type=\"hidden\" name=\"_wpcf7_version\" value=\"5.9.8\" \/>\n<input type=\"hidden\" name=\"_wpcf7_locale\" value=\"en_US\" \/>\n<input type=\"hidden\" name=\"_wpcf7_unit_tag\" value=\"wpcf7-f7432-o1\" \/>\n<input type=\"hidden\" name=\"_wpcf7_container_post\" value=\"0\" \/>\n<input type=\"hidden\" name=\"_wpcf7_posted_data_hash\" value=\"\" \/>\n<\/div>\n<div class=\"qodef-grid qodef-layout--template qodef-cf-circle qodef-standard-layout\">\n\n \n\n<div class=\"qodef-grid-inner\">\n\n \n\n \n\n \n\n<div class=\"qodef-grid-item qodef-col--12\">\n\n \n\n <span class=\"wpcf7-form-control-wrap\" data-name=\"your-name\"><input size=\"40\" maxlength=\"400\" class=\"wpcf7-form-control wpcf7-text wpcf7-validates-as-required\" aria-required=\"true\" aria-invalid=\"false\" placeholder=\"Ime i prezime\" value=\"\" type=\"text\" name=\"your-name\" \/><\/span>\n\n \n\n<\/div>\n\n \n\n<div class=\"qodef-grid-item qodef-col--12\">\n\n \n\n <span class=\"wpcf7-form-control-wrap\" data-name=\"your-email\"><input size=\"40\" maxlength=\"400\" class=\"wpcf7-form-control wpcf7-email wpcf7-validates-as-required wpcf7-text wpcf7-validates-as-email\" aria-required=\"true\" aria-invalid=\"false\" placeholder=\"E-mail\" value=\"\" type=\"email\" name=\"your-email\" \/><\/span>\n\n \n\n<\/div>\n\n \n\n<div class=\"qodef-grid-item qodef-col--12\">\n\n \n\n <span class=\"wpcf7-form-control-wrap\" data-name=\"your-tel\"><input size=\"40\" maxlength=\"400\" class=\"wpcf7-form-control wpcf7-tel wpcf7-validates-as-required wpcf7-text wpcf7-validates-as-tel\" aria-required=\"true\" aria-invalid=\"false\" placeholder=\"Telefon\" value=\"\" type=\"tel\" name=\"your-tel\" \/><\/span>\n\n \n\n<\/div>\n\n \n\n \n\n<div class=\"qodef-grid-item qodef-col--12\">\n\n \n\n <span class=\"wpcf7-form-control-wrap\" data-name=\"your-message\"><textarea cols=\"40\" rows=\"10\" maxlength=\"2000\" class=\"wpcf7-form-control wpcf7-textarea\" aria-invalid=\"false\" placeholder=\"Poruka\" name=\"your-message\"><\/textarea><\/span>\n\n \n\n<\/div>\n\n \n\n<div class=\"qodef-grid-item qodef-col--12\" style=\"text-align: right;\">\n\n \n\n<button class=\"wpcf7-form-control wpcf7-submit qodef-shortcode qodef-m qodef-button qodef-layout--outlined qodef-html--link qodef-button qodef-size--normal qodef-m\" type=\"submit\"><span class=\"qodef-m-text\">Po\u0161alji poruku<\/span><\/button>\n\n \n\n<\/div>\n\n \n\n<\/div>\n\n \n\n<\/div><div class=\"wpcf7-response-output\" aria-hidden=\"true\"><\/div>\n<input type=\"hidden\" name=\"trp-form-language\" value=\"bs\"\/><\/form>\n<\/div>\n\t\t\t<\/div>\n\t\t\t\t\t<\/div>\n\t\t\t\t<\/div>\n\t\t\t\t\t<\/div>\n\t\t<\/div>\n\t\t\t\t\t<\/div>\n\t\t<\/section>\n\t\t<div class=\"elementor-element elementor-element-c100ab7 e-flex e-con-boxed e-con e-parent\" data-id=\"c100ab7\" data-element_type=\"container\">\n\t\t\t\t\t<div class=\"e-con-inner\">\n\t\t\t\t<div class=\"elementor-element elementor-element-a0ca647 elementor-widget elementor-widget-google_maps\" data-id=\"a0ca647\" data-element_type=\"widget\" data-widget_type=\"google_maps.default\">\n\t\t\t\t<div class=\"elementor-widget-container\">\n\t\t\t<style>\/*! elementor - v3.23.0 - 05-08-2024 *\/\n.elementor-widget-google_maps .elementor-widget-container{overflow:hidden}.elementor-widget-google_maps .elementor-custom-embed{line-height:0}.elementor-widget-google_maps iframe{height:300px}<\/style>\t\t<div class=\"elementor-custom-embed\">\n\t\t\t<iframe loading=\"lazy\"\n\t\t\t\t\tsrc=\"https:\/\/maps.google.com\/maps?q=AbrakaBakra%20Copper%20Art&#038;t=m&#038;z=16&#038;output=embed&#038;iwloc=near\"\n\t\t\t\t\ttitle=\"AbrakaBakra Copper Art\"\n\t\t\t\t\taria-label=\"AbrakaBakra Copper Art\"\n\t\t\t><\/iframe>\n\t\t<\/div>\n\t\t\t\t<\/div>\n\t\t\t\t<\/div>\n\t\t\t\t\t<\/div>\n\t\t\t\t<\/div>\n\t\t\t\t<\/div>","protected":false},"excerpt":{"rendered":"<p>Contact us now Connect with Abrakabakra We&#039;re here to help! Whether you have a question about our handcrafted copper products, want to discuss a custom order, or simply want to learn more about our work, we&#039;d love to hear from you. OUR ADDRESS Old City of Mostar, Rade Bitange-Tabhana bb, Bosnia and Herzegovina EMAIL abcopperart@gmail.com\u00a0 [&hellip;]<\/p>","protected":false},"author":1,"featured_media":0,"parent":0,"menu_order":0,"comment_status":"closed","ping_status":"closed","template":"page-full-width.php","meta":{"_themeisle_gutenberg_block_has_review":false,"footnotes":""},"class_list":["post-2612","page","type-page","status-publish","hentry"],"yoast_head":"<!-- This site is optimized with the Yoast SEO plugin v23.8 - https:\/\/yoast.com\/wordpress\/plugins\/seo\/ -->\n<title>Contact Us - AbrakaBakra Copper Art<\/title>\n<meta name=\"robots\" content=\"index, follow, max-snippet:-1, max-image-preview:large, max-video-preview:-1\" \/>\n<link rel=\"canonical\" href=\"https:\/\/abrakabakra.com\/bs\/contact-us\/\" \/>\n<meta property=\"og:locale\" content=\"bs_BA\" \/>\n<meta property=\"og:type\" content=\"article\" \/>\n<meta property=\"og:title\" content=\"Contact Us - AbrakaBakra Copper Art\" \/>\n<meta property=\"og:description\" content=\"Contact us now Connect with Abrakabakra We&#039;re here to help! Whether you have a question about our handcrafted copper products, want to discuss a custom order, or simply want to learn more about our work, we&#039;d love to hear from you. OUR ADDRESS Old City of Mostar, Rade Bitange-Tabhana bb, Bosnia and Herzegovina EMAIL abcopperart@gmail.com\u00a0 [&hellip;]\" \/>\n<meta property=\"og:url\" content=\"https:\/\/abrakabakra.com\/bs\/contact-us\/\" \/>\n<meta property=\"og:site_name\" content=\"AbrakaBakra Copper Art\" \/>\n<meta property=\"article:publisher\" content=\"https:\/\/www.facebook.com\/abrakabakracopperart\" \/>\n<meta property=\"article:modified_time\" content=\"2024-11-18T17:28:19+00:00\" \/>\n<meta name=\"twitter:card\" content=\"summary_large_image\" \/>\n<meta name=\"twitter:label1\" content=\"Est. reading time\" \/>\n\t<meta name=\"twitter:data1\" content=\"1 minuta\" \/>\n<script type=\"application\/ld+json\" class=\"yoast-schema-graph\">{\"@context\":\"https:\/\/schema.org\",\"@graph\":[{\"@type\":\"WebPage\",\"@id\":\"https:\/\/abrakabakra.com\/contact-us\/\",\"url\":\"https:\/\/abrakabakra.com\/contact-us\/\",\"name\":\"Contact Us - AbrakaBakra Copper Art\",\"isPartOf\":{\"@id\":\"https:\/\/abrakabakra.com\/#website\"},\"datePublished\":\"2022-10-19T10:35:44+00:00\",\"dateModified\":\"2024-11-18T17:28:19+00:00\",\"breadcrumb\":{\"@id\":\"https:\/\/abrakabakra.com\/contact-us\/#breadcrumb\"},\"inLanguage\":\"bs-BA\",\"potentialAction\":[{\"@type\":\"ReadAction\",\"target\":[\"https:\/\/abrakabakra.com\/contact-us\/\"]}]},{\"@type\":\"BreadcrumbList\",\"@id\":\"https:\/\/abrakabakra.com\/contact-us\/#breadcrumb\",\"itemListElement\":[{\"@type\":\"ListItem\",\"position\":1,\"name\":\"Home\",\"item\":\"https:\/\/abrakabakra.com\/\"},{\"@type\":\"ListItem\",\"position\":2,\"name\":\"Contact Us\"}]},{\"@type\":\"WebSite\",\"@id\":\"https:\/\/abrakabakra.com\/#website\",\"url\":\"https:\/\/abrakabakra.com\/\",\"name\":\"AbrakaBakra Copper Art\",\"description\":\"Coppersmith Mostar\",\"publisher\":{\"@id\":\"https:\/\/abrakabakra.com\/#organization\"},\"potentialAction\":[{\"@type\":\"SearchAction\",\"target\":{\"@type\":\"EntryPoint\",\"urlTemplate\":\"https:\/\/abrakabakra.com\/?s={search_term_string}\"},\"query-input\":{\"@type\":\"PropertyValueSpecification\",\"valueRequired\":true,\"valueName\":\"search_term_string\"}}],\"inLanguage\":\"bs-BA\"},{\"@type\":\"Organization\",\"@id\":\"https:\/\/abrakabakra.com\/#organization\",\"name\":\"AbrakaBakra Copper Art\",\"url\":\"https:\/\/abrakabakra.com\/\",\"logo\":{\"@type\":\"ImageObject\",\"inLanguage\":\"bs-BA\",\"@id\":\"https:\/\/abrakabakra.com\/#\/schema\/logo\/image\/\",\"url\":\"https:\/\/abrakabakra.com\/wp-content\/uploads\/2024\/08\/ABK-logotip_transpC-01.png\",\"contentUrl\":\"https:\/\/abrakabakra.com\/wp-content\/uploads\/2024\/08\/ABK-logotip_transpC-01.png\",\"width\":4961,\"height\":3508,\"caption\":\"AbrakaBakra Copper Art\"},\"image\":{\"@id\":\"https:\/\/abrakabakra.com\/#\/schema\/logo\/image\/\"},\"sameAs\":[\"https:\/\/www.facebook.com\/abrakabakracopperart\"]}]}<\/script>\n<!-- \/ Yoast SEO plugin. -->","yoast_head_json":{"title":"Contact Us - AbrakaBakra Copper Art","robots":{"index":"index","follow":"follow","max-snippet":"max-snippet:-1","max-image-preview":"max-image-preview:large","max-video-preview":"max-video-preview:-1"},"canonical":"https:\/\/abrakabakra.com\/bs\/contact-us\/","og_locale":"bs_BA","og_type":"article","og_title":"Contact Us - AbrakaBakra Copper Art","og_description":"Contact us now Connect with Abrakabakra We&#039;re here to help! Whether you have a question about our handcrafted copper products, want to discuss a custom order, or simply want to learn more about our work, we&#039;d love to hear from you. OUR ADDRESS Old City of Mostar, Rade Bitange-Tabhana bb, Bosnia and Herzegovina EMAIL abcopperart@gmail.com\u00a0 [&hellip;]","og_url":"https:\/\/abrakabakra.com\/bs\/contact-us\/","og_site_name":"AbrakaBakra Copper Art","article_publisher":"https:\/\/www.facebook.com\/abrakabakracopperart","article_modified_time":"2024-11-18T17:28:19+00:00","twitter_card":"summary_large_image","twitter_misc":{"Est. reading time":"1 minuta"},"schema":{"@context":"https:\/\/schema.org","@graph":[{"@type":"WebPage","@id":"https:\/\/abrakabakra.com\/contact-us\/","url":"https:\/\/abrakabakra.com\/contact-us\/","name":"Contact Us - AbrakaBakra Copper Art","isPartOf":{"@id":"https:\/\/abrakabakra.com\/#website"},"datePublished":"2022-10-19T10:35:44+00:00","dateModified":"2024-11-18T17:28:19+00:00","breadcrumb":{"@id":"https:\/\/abrakabakra.com\/contact-us\/#breadcrumb"},"inLanguage":"bs-BA","potentialAction":[{"@type":"ReadAction","target":["https:\/\/abrakabakra.com\/contact-us\/"]}]},{"@type":"BreadcrumbList","@id":"https:\/\/abrakabakra.com\/contact-us\/#breadcrumb","itemListElement":[{"@type":"ListItem","position":1,"name":"Home","item":"https:\/\/abrakabakra.com\/"},{"@type":"ListItem","position":2,"name":"Contact Us"}]},{"@type":"WebSite","@id":"https:\/\/abrakabakra.com\/#website","url":"https:\/\/abrakabakra.com\/","name":"AbrakaBakra Copper Art","description":"Coppersmith Mostar","publisher":{"@id":"https:\/\/abrakabakra.com\/#organization"},"potentialAction":[{"@type":"SearchAction","target":{"@type":"EntryPoint","urlTemplate":"https:\/\/abrakabakra.com\/?s={search_term_string}"},"query-input":{"@type":"PropertyValueSpecification","valueRequired":true,"valueName":"search_term_string"}}],"inLanguage":"bs-BA"},{"@type":"Organization","@id":"https:\/\/abrakabakra.com\/#organization","name":"AbrakaBakra Copper Art","url":"https:\/\/abrakabakra.com\/","logo":{"@type":"ImageObject","inLanguage":"bs-BA","@id":"https:\/\/abrakabakra.com\/#\/schema\/logo\/image\/","url":"https:\/\/abrakabakra.com\/wp-content\/uploads\/2024\/08\/ABK-logotip_transpC-01.png","contentUrl":"https:\/\/abrakabakra.com\/wp-content\/uploads\/2024\/08\/ABK-logotip_transpC-01.png","width":4961,"height":3508,"caption":"AbrakaBakra Copper Art"},"image":{"@id":"https:\/\/abrakabakra.com\/#\/schema\/logo\/image\/"},"sameAs":["https:\/\/www.facebook.com\/abrakabakracopperart"]}]}},"_links":{"self":[{"href":"https:\/\/abrakabakra.com\/bs\/wp-json\/wp\/v2\/pages\/2612","targetHints":{"allow":["GET"]}}],"collection":[{"href":"https:\/\/abrakabakra.com\/bs\/wp-json\/wp\/v2\/pages"}],"about":[{"href":"https:\/\/abrakabakra.com\/bs\/wp-json\/wp\/v2\/types\/page"}],"author":[{"embeddable":true,"href":"https:\/\/abrakabakra.com\/bs\/wp-json\/wp\/v2\/users\/1"}],"replies":[{"embeddable":true,"href":"https:\/\/abrakabakra.com\/bs\/wp-json\/wp\/v2\/comments?post=2612"}],"version-history":[{"count":36,"href":"https:\/\/abrakabakra.com\/bs\/wp-json\/wp\/v2\/pages\/2612\/revisions"}],"predecessor-version":[{"id":8963,"href":"https:\/\/abrakabakra.com\/bs\/wp-json\/wp\/v2\/pages\/2612\/revisions\/8963"}],"wp:attachment":[{"href":"https:\/\/abrakabakra.com\/bs\/wp-json\/wp\/v2\/media?parent=2612"}],"curies":[{"name":"wp","href":"https:\/\/api.w.org\/{rel}","templated":true}]}}